{"id":9,"date":"2017-12-07T22:55:34","date_gmt":"2017-12-07T22:55:34","guid":{"rendered":"https:\/\/elcaosdes.wordpress.com\/?page_id=2"},"modified":"2017-12-07T22:55:34","modified_gmt":"2017-12-07T22:55:34","slug":"acerca-de","status":"publish","type":"page","link":"https:\/\/elcaosdes.com\/?page_id=9","title":{"rendered":"\u00bfQui\u00e9n es Ca\u00f3tica S?"},"content":{"rendered":"\n<p>La persona que se calza cada ma\u00f1ana los zapatos de esta directora de arte y comunicaci\u00f3n es una mujer comprometida, entusiasta y una gran apasionada de su trabajo. Una mujer que se implica y que no sabe hacer las cosas a medias.<\/p>\n\n\n\n<p class=\"p1\">Licenciada en Publicidad y Relaciones P\u00fablicas, he acumulado m\u00e1s de una d\u00e9cada de plazos de entrega y jornadas maratonianas en agencias de comunicaci\u00f3n y publicidad y gabinetes de prensa. Trabajar gestionando las RR.SS de una gran empresa como IKEA Murcia fue toda una experiencia y el mayor entrenamiento que pod\u00eda haber recibido en esta disciplina. <\/p>\n\n\n\n<p class=\"p1\">Me form\u00e9 en Protocolo y organizaci\u00f3n de eventos porque siempre ha sido la parte que m\u00e1s he disfrutado de este gran mundo que es la comunicaci\u00f3n. Soy una persona proactiva con grandes dotes para la comunicaci\u00f3n y mi trabajo como redactora en el Semanario Municipal Vista Alegre me descubri\u00f3 una nueva vocaci\u00f3n: el periodismo puro y duro.<\/p>\n\n\n\n<blockquote class=\"wp-block-quote is-layout-flow wp-block-quote-is-layout-flow\"><p>Soy tambi\u00e9n una firme defensora de las causas sociales, especialmente de la igualdad de g\u00e9nero y la lucha contra las violencias machistas.<\/p><\/blockquote>\n\n\n\n<p class=\"p1\">Participo de forma activa y voluntaria en las comisiones de comunicaci\u00f3n y formaci\u00f3n de la Plataforma Paro Internacional de Mujeres de Cartagena. Para unir mi profesi\u00f3n y mi activismo social he realizado el curso \u00abPeriodismo con Perspectiva de G\u00e9nero\u00bb impartido por la directora de La Marea, Magda Bandera. Siempre he pensado que los que nos dedicamos a la comunicaci\u00f3n tenemos una responsabilidad para con la sociedad en la que vivimos: somos unos privilegiados por contar con unas herramientas que nos otorgan un altavoz, \u00a1us\u00e9moslo para cambiar el mundo!<\/p>\n\n\n\n<p class=\"p1\">Mi objetivo en este momento es volverme a ilusionar profesionalmente con un proyecto pues, cuando \u00abme enamoro\u00bb, me convierto en una persona mucho m\u00e1s creativa y feliz. Creo que ese es, precisamente, mi mayor valor y el motivo por el que particip\u00e9 en la Lanzadera de Empleo de Cartagena II 2017, un programa en el que priman el compromiso, la implicaci\u00f3n y el trabajo en equipo.&nbsp;<\/p>\n\n\n\n<p class=\"p1\">Si todo lo que te acabo de contar sobre m\u00ed te ha parecido interesante, pas\u00e9ate por este blog y comparte conmigo un poquito de este caos&#8230;<\/p>\n\n\n\n<div class=\"wp-block-image\"><figure class=\"alignright size-thumbnail is-resized\"><img loading=\"lazy\" decoding=\"async\" src=\"https:\/\/elcaosdes.files.wordpress.com\/2017\/12\/cropped-favicon-01.png?w=150&#038;resize=38%2C38\" alt=\"\" class=\"wp-image-40\" width=\"38\" height=\"38\" srcset=\"https:\/\/i0.wp.com\/elcaosdes.com\/wp-content\/uploads\/2017\/12\/cropped-favicon-01.png?w=512&amp;ssl=1 512w, https:\/\/i0.wp.com\/elcaosdes.com\/wp-content\/uploads\/2017\/12\/cropped-favicon-01.png?resize=300%2C300&amp;ssl=1 300w, https:\/\/i0.wp.com\/elcaosdes.com\/wp-content\/uploads\/2017\/12\/cropped-favicon-01.png?resize=150%2C150&amp;ssl=1 150w\" sizes=\"(max-width: 38px) 100vw, 38px\" data-recalc-dims=\"1\" \/><\/figure><\/div>\n\n\n\n<p><\/p>\n","protected":false},"excerpt":{"rendered":"<p>La persona que se calza cada ma\u00f1ana los zapatos de esta directora de arte y comunicaci\u00f3n es una mujer comprometida, entusiasta y una gran apasionada de su trabajo. Una mujer que se implica y que no sabe hacer las cosas a medias. Licenciada en Publicidad y Relaciones P\u00fablicas, he acumulado m\u00e1s de una d\u00e9cada de&#8230; <\/p>\n<div class=\"link-more\"><a href=\"https:\/\/elcaosdes.com\/?page_id=9\">Leer M\u00e1s<\/a><\/div>\n","protected":false},"author":2,"featured_media":706,"parent":0,"menu_order":1,"comment_status":"closed","ping_status":"closed","template":"","meta":{"footnotes":""},"class_list":["post-9","page","type-page","status-publish","has-post-thumbnail","hentry"],"jetpack_sharing_enabled":false,"_links":{"self":[{"href":"https:\/\/elcaosdes.com\/index.php?rest_route=\/wp\/v2\/pages\/9"}],"collection":[{"href":"https:\/\/elcaosdes.com\/index.php?rest_route=\/wp\/v2\/pages"}],"about":[{"href":"https:\/\/elcaosdes.com\/index.php?rest_route=\/wp\/v2\/types\/page"}],"author":[{"embeddable":true,"href":"https:\/\/elcaosdes.com\/index.php?rest_route=\/wp\/v2\/users\/2"}],"replies":[{"embeddable":true,"href":"https:\/\/elcaosdes.com\/index.php?rest_route=%2Fwp%2Fv2%2Fcomments&post=9"}],"version-history":[{"count":0,"href":"https:\/\/elcaosdes.com\/index.php?rest_route=\/wp\/v2\/pages\/9\/revisions"}],"wp:featuredmedia":[{"embeddable":true,"href":"https:\/\/elcaosdes.com\/index.php?rest_route=\/wp\/v2\/media\/706"}],"wp:attachment":[{"href":"https:\/\/elcaosdes.com\/index.php?rest_route=%2Fwp%2Fv2%2Fmedia&parent=9"}],"curies":[{"name":"wp","href":"https:\/\/api.w.org\/{rel}","templated":true}]}}